{"id":148,"date":"2016-10-19T12:00:49","date_gmt":"2016-10-19T12:00:49","guid":{"rendered":"http:\/\/cresal.eagledigital.com.br\/?page_id=148"},"modified":"2018-03-28T20:10:10","modified_gmt":"2018-03-28T20:10:10","slug":"balanco-patrimonial","status":"publish","type":"page","link":"http:\/\/cresal.coop.br\/novosite\/institucional\/balanco-patrimonial\/","title":{"rendered":"Balan\u00e7o patrimonial"},"content":{"rendered":"<p>Confira aqui o\u00a0<em>Balan\u00e7o Patrimonial<\/em>\u00a0do \u00faltimo ano fiscal e as respectivas\u00a0<em>demonstra\u00e7\u00f5es de sobras ou perdas e patrim\u00f4nio l\u00edquido.\u00a0<\/em>Fique por dentro das a\u00e7\u00f5es cont\u00e1beis da nossa cooperativa.<\/p>\n","protected":false},"excerpt":{"rendered":"<p>Confira aqui o\u00a0Balan\u00e7o Patrimonial\u00a0do \u00faltimo ano fiscal e as respectivas\u00a0demonstra\u00e7\u00f5es de sobras ou perdas e patrim\u00f4nio l\u00edquido.\u00a0Fique por dentro das a\u00e7\u00f5es cont\u00e1beis da nossa cooperativa.<\/p>\n","protected":false},"author":1,"featured_media":0,"parent":35,"menu_order":0,"comment_status":"closed","ping_status":"closed","template":"templates\/page-balanco-patrimonial.php","meta":[],"_links":{"self":[{"href":"http:\/\/cresal.coop.br\/novosite\/wp-json\/wp\/v2\/pages\/148"}],"collection":[{"href":"http:\/\/cresal.coop.br\/novosite\/wp-json\/wp\/v2\/pages"}],"about":[{"href":"http:\/\/cresal.coop.br\/novosite\/wp-json\/wp\/v2\/types\/page"}],"author":[{"embeddable":true,"href":"http:\/\/cresal.coop.br\/novosite\/wp-json\/wp\/v2\/users\/1"}],"replies":[{"embeddable":true,"href":"http:\/\/cresal.coop.br\/novosite\/wp-json\/wp\/v2\/comments?post=148"}],"version-history":[{"count":14,"href":"http:\/\/cresal.coop.br\/novosite\/wp-json\/wp\/v2\/pages\/148\/revisions"}],"predecessor-version":[{"id":830,"href":"http:\/\/cresal.coop.br\/novosite\/wp-json\/wp\/v2\/pages\/148\/revisions\/830"}],"up":[{"embeddable":true,"href":"http:\/\/cresal.coop.br\/novosite\/wp-json\/wp\/v2\/pages\/35"}],"wp:attachment":[{"href":"http:\/\/cresal.coop.br\/novosite\/wp-json\/wp\/v2\/media?parent=148"}],"curies":[{"name":"wp","href":"https:\/\/api.w.org\/{rel}","templated":true}]}}