{"id":191,"date":"2016-10-19T18:13:49","date_gmt":"2016-10-19T18:13:49","guid":{"rendered":"http:\/\/cresal.eagledigital.com.br\/?page_id=191"},"modified":"2016-12-07T11:12:02","modified_gmt":"2016-12-07T11:12:02","slug":"aplicacoes","status":"publish","type":"page","link":"http:\/\/cresal.coop.br\/novosite\/servicos\/aplicacoes\/","title":{"rendered":"Aplica\u00e7\u00f5es"},"content":{"rendered":"<p><span style=\"font-weight: 400;\">Planeje seus sonhos que a Cresal ajuda voc\u00ea a realiz\u00e1-los. Sabe por qu\u00ea?<\/span><\/p>\n<p><span style=\"font-weight: 400;\">Na Cresal a sua aplica\u00e7\u00e3o tem excelente rendimento, porque ela ocorre de maneira cooperada, em fundos de investimentos exclusivos para empresas. Al\u00e9m disso, conta com a seguran\u00e7a dos fundos com investimentos em t\u00edtulos p\u00fablicos, conforme determina\u00e7\u00e3o do Banco Central, o que reduz os riscos de investimentos.<\/span><\/p>\n","protected":false},"excerpt":{"rendered":"<p>Planeje seus sonhos que a Cresal ajuda voc\u00ea a realiz\u00e1-los. Sabe por qu\u00ea? Na Cresal a sua aplica\u00e7\u00e3o tem excelente rendimento, porque ela ocorre de maneira cooperada, em fundos de investimentos exclusivos para empresas. Al\u00e9m disso, conta com a seguran\u00e7a dos fundos com investimentos em t\u00edtulos p\u00fablicos, conforme determina\u00e7\u00e3o do Banco Central, o que reduz &hellip; <a href=\"http:\/\/cresal.coop.br\/novosite\/servicos\/aplicacoes\/\" class=\"more-link\">Continue reading<span class=\"screen-reader-text\"> &#8220;Aplica\u00e7\u00f5es&#8221;<\/span><\/a><\/p>\n","protected":false},"author":1,"featured_media":0,"parent":37,"menu_order":0,"comment_status":"closed","ping_status":"closed","template":"templates\/page-aplicacoes.php","meta":[],"_links":{"self":[{"href":"http:\/\/cresal.coop.br\/novosite\/wp-json\/wp\/v2\/pages\/191"}],"collection":[{"href":"http:\/\/cresal.coop.br\/novosite\/wp-json\/wp\/v2\/pages"}],"about":[{"href":"http:\/\/cresal.coop.br\/novosite\/wp-json\/wp\/v2\/types\/page"}],"author":[{"embeddable":true,"href":"http:\/\/cresal.coop.br\/novosite\/wp-json\/wp\/v2\/users\/1"}],"replies":[{"embeddable":true,"href":"http:\/\/cresal.coop.br\/novosite\/wp-json\/wp\/v2\/comments?post=191"}],"version-history":[{"count":20,"href":"http:\/\/cresal.coop.br\/novosite\/wp-json\/wp\/v2\/pages\/191\/revisions"}],"predecessor-version":[{"id":557,"href":"http:\/\/cresal.coop.br\/novosite\/wp-json\/wp\/v2\/pages\/191\/revisions\/557"}],"up":[{"embeddable":true,"href":"http:\/\/cresal.coop.br\/novosite\/wp-json\/wp\/v2\/pages\/37"}],"wp:attachment":[{"href":"http:\/\/cresal.coop.br\/novosite\/wp-json\/wp\/v2\/media?parent=191"}],"curies":[{"name":"wp","href":"https:\/\/api.w.org\/{rel}","templated":true}]}}