{"id":202,"date":"2016-10-21T15:34:58","date_gmt":"2016-10-21T15:34:58","guid":{"rendered":"http:\/\/cresal.eagledigital.com.br\/?page_id=202"},"modified":"2016-11-25T12:52:58","modified_gmt":"2016-11-25T12:52:58","slug":"fundo-garantidor","status":"publish","type":"page","link":"http:\/\/cresal.coop.br\/novosite\/institucional\/fundo-garantidor\/","title":{"rendered":"Fundo Garantidor"},"content":{"rendered":"<p>A Cresal participa do Fundo Garantidor que faz parte de uma ampla rede de prote\u00e7\u00e3o aos sistemas financeiros que utilizam diversas formas de controle e normativas para garantir a seguran\u00e7a nas aplica\u00e7\u00f5es.<\/p>\n<p>Esse fundo permite recuperar os dep\u00f3sitos ou cr\u00e9ditos mantidos em institui\u00e7\u00e3o financeira at\u00e9 determinado valor, em caso de interven\u00e7\u00e3o, de liquida\u00e7\u00e3o ou de fal\u00eancia.<\/p>\n<p>Em de 30 de outubro de 2012, por meio da resolu\u00e7\u00e3o n\u00ba 4.150, o Conselho Monet\u00e1rio Nacional (CMN) estabeleceu os requisitos e as caracter\u00edsticas m\u00ednimas do fundo garantidor do cooperativismo de cr\u00e9dito. (BANCO CENTRAL DO BRASIL, 30 out. 2012). Veja as perguntas mais frequentes abaixo:<\/p>\n<p align=\"left\"><span style=\"color: #444444;\"><span style=\"font-family: Verdana, serif;\"><span style=\"font-size: small;\"><b>1. O que \u00e9 o Fundo Garantidor do Cooperativismo de Cr\u00e9dito?<\/b><\/span><\/span><\/span><\/p>\n<p align=\"left\"><span style=\"color: #444444;\"><span style=\"font-family: Verdana, serif;\"><span style=\"font-size: small;\">O Fundo Garantidor do Cooperativismo de Cr\u00e9dito (FGCoop) \u00e9 uma associa\u00e7\u00e3o civil sem fins lucrativos, com personalidade jur\u00eddica pr\u00f3pria, de direito privado, de abrang\u00eancia nacional, que permite recuperar os dep\u00f3sitos ou cr\u00e9ditos mantidos nas cooperativas singulares de cr\u00e9dito e nos bancos cooperativos (Bancoob e Banco Sicredi), at\u00e9 determinado valor, em caso de interven\u00e7\u00e3o ou liquida\u00e7\u00e3o extrajudicial.<\/span><\/span><\/span><\/p>\n<p align=\"left\"><span style=\"color: #444444;\"><span style=\"font-family: Verdana, serif;\"><span style=\"font-size: small;\"><b>2. Quais institui\u00e7\u00f5es financeiras s\u00e3o associadas ao FGCoop?<\/b><\/span><\/span><\/span><\/p>\n<p align=\"left\"><span style=\"color: #444444;\"><span style=\"font-family: Verdana, serif;\"><span style=\"font-size: small;\">S\u00e3o institui\u00e7\u00f5es associadas ao FGCoop os bancos cooperativos e as cooperativas singulares de cr\u00e9dito captadoras de dep\u00f3sitos.<\/span><\/span><\/span><\/p>\n<p align=\"left\"><span style=\"color: #444444;\"><span style=\"font-family: Verdana, serif;\"><span style=\"font-size: small;\"><b>3. Quais dos meus cr\u00e9ditos s\u00e3o garantidos pelo FGCoop?<\/b><\/span><\/span><\/span><\/p>\n<p align=\"left\"><span style=\"color: #444444;\"><span style=\"font-family: Verdana, serif;\"><span style=\"font-size: small;\">S\u00e3o garantidos:<\/span><\/span><\/span><\/p>\n<ul>\n<li>\n<p align=\"left\"><span style=\"color: #444444;\"><span style=\"font-family: Verdana, serif;\"><span style=\"font-size: small;\">dep\u00f3sitos \u00e0 vista ou sac\u00e1veis mediante aviso pr\u00e9vio;<\/span><\/span><\/span><\/p>\n<\/li>\n<li>\n<p align=\"left\"><span style=\"color: #444444;\"><span style=\"font-family: Verdana, serif;\"><span style=\"font-size: small;\">dep\u00f3sitos de poupan\u00e7a;<\/span><\/span><\/span><\/p>\n<\/li>\n<li>\n<p align=\"left\"><span style=\"color: #444444;\"><span style=\"font-family: Verdana, serif;\"><span style=\"font-size: small;\">dep\u00f3sitos a prazo, com ou sem emiss\u00e3o de certificado;<\/span><\/span><\/span><\/p>\n<\/li>\n<li>\n<p align=\"left\"><span style=\"color: #444444;\"><span style=\"font-family: Verdana, serif;\"><span style=\"font-size: small;\">dep\u00f3sitos mantidos em contas n\u00e3o moviment\u00e1veis por cheques, destinadas ao registro e controle do fluxo de recursos referentes \u00e0 presta\u00e7\u00e3o de servi\u00e7os de pagamento de sal\u00e1rios, vencimentos, aposentadorias, pens\u00f5es e similares;<\/span><\/span><\/span><\/p>\n<\/li>\n<li>\n<p align=\"left\"><span style=\"color: #444444;\"><span style=\"font-family: Verdana, serif;\"><span style=\"font-size: small;\">letras de c\u00e2mbio;<\/span><\/span><\/span><\/p>\n<\/li>\n<li>\n<p align=\"left\"><span style=\"color: #444444;\"><span style=\"font-family: Verdana, serif;\"><span style=\"font-size: small;\">letras imobili\u00e1rias;<\/span><\/span><\/span><\/p>\n<\/li>\n<li>\n<p align=\"left\"><span style=\"color: #444444;\"><span style=\"font-family: Verdana, serif;\"><span style=\"font-size: small;\">letras hipotec\u00e1rias;<\/span><\/span><\/span><\/p>\n<\/li>\n<li>\n<p align=\"left\"><span style=\"color: #444444;\"><span style=\"font-family: Verdana, serif;\"><span style=\"font-size: small;\">letras de cr\u00e9dito imobili\u00e1rio;<\/span><\/span><\/span><\/p>\n<\/li>\n<li>\n<p align=\"left\"><span style=\"color: #444444;\"><span style=\"font-family: Verdana, serif;\"><span style=\"font-size: small;\">letras de cr\u00e9dito do agroneg\u00f3cio;<\/span><\/span><\/span><\/p>\n<\/li>\n<li>\n<p align=\"left\"><span style=\"color: #444444;\"><span style=\"font-family: Verdana, serif;\"><span style=\"font-size: small;\">opera\u00e7\u00f5es compromissadas que t\u00eam como objeto t\u00edtulos emitidos, ap\u00f3s 8 de mar\u00e7o de 2012, por empresa ligada.<\/span><\/span><\/span><\/p>\n<\/li>\n<\/ul>\n<p align=\"left\"><span style=\"color: #444444;\"><span style=\"font-family: Verdana, serif;\"><span style=\"font-size: small;\"><br \/>\n<\/span><\/span><\/span><span style=\"color: #444444;\"><span style=\"font-family: Verdana, serif;\"><span style=\"font-size: small;\"><b>4. Qual o valor m\u00e1ximo garantido pelo FGCoop?<\/b><\/span><\/span><\/span><\/p>\n<p align=\"left\"><span style=\"color: #444444;\"><span style=\"font-family: Verdana, serif;\"><span style=\"font-size: small;\">O total de cr\u00e9ditos de cada pessoa contra a mesma institui\u00e7\u00e3o associada ser\u00e1 garantido at\u00e9 o valor de R$ 250.000,00 (duzentos e cinquenta mil reais).<\/span><\/span><\/span><\/p>\n<p align=\"left\"><span style=\"color: #444444;\"><span style=\"font-family: Verdana, serif;\"><span style=\"font-size: small;\"><b>5. Como ser\u00e1 a garantia de cr\u00e9ditos em caso de interven\u00e7\u00e3o ou liquida\u00e7\u00e3o?<\/b><\/span><\/span><\/span><\/p>\n<p align=\"left\"><span style=\"color: #444444;\"><span style=\"font-family: Verdana, serif;\"><span style=\"font-size: small;\">Devem ser somados todos os cr\u00e9ditos de cada credor identificado pelo CPF ou CNPJ na mesma institui\u00e7\u00e3o. Os c\u00f4njuges s\u00e3o considerados pessoas distintas, seja qual for o regime de casamento. Os cr\u00e9ditos de dependentes s\u00e3o computados separadamente. Nas contas conjuntas, o valor de garantia \u00e9 limitado a R$ 250.000,00 ou ao saldo da conta, quando inferior a esse limite, dividido pelo n\u00famero de titulares, sendo o cr\u00e9dito do valor garantido feito de forma individual.<\/span><\/span><\/span><\/p>\n<p align=\"left\"><span style=\"color: #444444;\"><span style=\"font-family: Verdana, serif;\"><span style=\"font-size: small;\"><b>6. Qual o prazo para pagamento dos cr\u00e9ditos em caso de interven\u00e7\u00e3o ou liquida\u00e7\u00e3o?<\/b><\/span><\/span><\/span><\/p>\n<p align=\"left\"><span style=\"color: #444444;\"><span style=\"font-family: Verdana, serif;\"><span style=\"font-size: small;\">O pagamento dos cr\u00e9ditos garantidos ser\u00e1 iniciado em at\u00e9 60 (sessenta) dias ap\u00f3s a interven\u00e7\u00e3o ou liquida\u00e7\u00e3o.<\/span><\/span><\/span><\/p>\n<p align=\"left\"><span style=\"color: #444444;\"><span style=\"font-family: Verdana, serif;\"><span style=\"font-size: small;\"><b>7. Por que o dinheiro que eu aplico em fundo de investimento financeiro n\u00e3o tem garantia do FGCoop?<\/b><\/span><\/span><\/span><\/p>\n<p align=\"left\"><span style=\"color: #444444;\"><span style=\"font-family: Verdana, serif;\"><span style=\"font-size: small;\">Porque o patrim\u00f4nio dos bancos n\u00e3o se confunde com o patrim\u00f4nio dos fundos de investimento financeiro que eles administram. Quando um banco enfrenta problemas, os cotistas do fundo podem fazer assembleias e mudar a administra\u00e7\u00e3o do fundo para outra institui\u00e7\u00e3o. Todo tipo de fundo de investimento \u00e9 acompanhado e fiscalizado pela Comiss\u00e3o de Valores Mobili\u00e1rios.<\/span><\/span><\/span><\/p>\n<p align=\"left\"><span style=\"color: #444444;\"><span style=\"font-family: Tahoma, serif;\"><span style=\"font-size: small;\"><b>Base normativa: <\/b><\/span><\/span><\/span><a href=\"http:\/\/www.bcb.gov.br\/pre\/normativos\/busca\/normativo.asp?tipo=res&amp;ano=2013&amp;numero=4284\"><span style=\"color: #b09039;\"><span style=\"font-family: Tahoma, serif;\"><span style=\"font-size: small;\"><u>Resolu\u00e7\u00e3o CMN 4.284<\/u><\/span><\/span><\/span><\/a><span style=\"color: #444444;\"><span style=\"font-family: Tahoma, serif;\"><span style=\"font-size: small;\">, de 2013<\/span><\/span><\/span><\/p>\n<p align=\"left\"><span style=\"color: #444444;\"><span style=\"font-family: Tahoma, serif;\"><span style=\"font-size: small;\"><b>Outras informa\u00e7\u00f5es <\/b><\/span><\/span><\/span><span style=\"color: #444444;\"><span style=\"font-family: Tahoma, serif;\"><span style=\"font-size: small;\">Consulte a\u00a0<\/span><\/span><\/span><a href=\"http:\/\/www.fgcoop.coop.br\/\"><span style=\"color: #b09039;\"><span style=\"font-family: Tahoma, serif;\"><span style=\"font-size: small;\"><u>p\u00e1gina do <\/u><\/span><\/span><\/span><span style=\"color: #b09039;\"><span style=\"font-family: Tahoma, serif;\"><span style=\"font-size: small;\"><u>HYPERLINK &#8220;http:\/\/www.fgcoop.coop.br\/&#8221;<\/u><\/span><\/span><\/span><span style=\"color: #b09039;\"><span style=\"font-family: Tahoma, serif;\"><span style=\"font-size: small;\"><u>FGCoop<\/u><\/span><\/span><\/span><\/a><span style=\"color: #444444;\"><span style=\"font-family: Tahoma, serif;\"><span style=\"font-size: small;\">\u00a0na internet.<\/span><\/span><\/span><\/p>\n<p align=\"left\"><span style=\"color: #444444;\"><span style=\"font-family: Tahoma, serif;\"><span style=\"font-size: small;\"><b>Fonte:<\/b><\/span><\/span><\/span><span style=\"color: #444444;\"><span style=\"font-family: Tahoma, serif;\"><span style=\"font-size: small;\"> FGCoop &#8211; <\/span><\/span><\/span><a href=\"https:\/\/www.bcb.gov.br\/pre\/bc_atende\/port\/fgcoop_faq.asp\"><span style=\"color: #0000ff;\"><span style=\"font-family: Tahoma, serif;\"><span style=\"font-size: small;\"><u>https:\/\/www.bcb.gov.br\/pre\/bc_atende\/port\/fgcoop_faq.asp<\/u><\/span><\/span><\/span><\/a><\/p>\n","protected":false},"excerpt":{"rendered":"<p>A Cresal participa do Fundo Garantidor que faz parte de uma ampla rede de prote\u00e7\u00e3o aos sistemas financeiros que utilizam diversas formas de controle e normativas para garantir a seguran\u00e7a nas aplica\u00e7\u00f5es. Esse fundo permite recuperar os dep\u00f3sitos ou cr\u00e9ditos mantidos em institui\u00e7\u00e3o financeira at\u00e9 determinado valor, em caso de interven\u00e7\u00e3o, de liquida\u00e7\u00e3o ou de &hellip; <a href=\"http:\/\/cresal.coop.br\/novosite\/institucional\/fundo-garantidor\/\" class=\"more-link\">Continue reading<span class=\"screen-reader-text\"> &#8220;Fundo Garantidor&#8221;<\/span><\/a><\/p>\n","protected":false},"author":1,"featured_media":0,"parent":35,"menu_order":0,"comment_status":"closed","ping_status":"closed","template":"templates\/page-fundo-garantidor.php","meta":[],"_links":{"self":[{"href":"http:\/\/cresal.coop.br\/novosite\/wp-json\/wp\/v2\/pages\/202"}],"collection":[{"href":"http:\/\/cresal.coop.br\/novosite\/wp-json\/wp\/v2\/pages"}],"about":[{"href":"http:\/\/cresal.coop.br\/novosite\/wp-json\/wp\/v2\/types\/page"}],"author":[{"embeddable":true,"href":"http:\/\/cresal.coop.br\/novosite\/wp-json\/wp\/v2\/users\/1"}],"replies":[{"embeddable":true,"href":"http:\/\/cresal.coop.br\/novosite\/wp-json\/wp\/v2\/comments?post=202"}],"version-history":[{"count":5,"href":"http:\/\/cresal.coop.br\/novosite\/wp-json\/wp\/v2\/pages\/202\/revisions"}],"predecessor-version":[{"id":524,"href":"http:\/\/cresal.coop.br\/novosite\/wp-json\/wp\/v2\/pages\/202\/revisions\/524"}],"up":[{"embeddable":true,"href":"http:\/\/cresal.coop.br\/novosite\/wp-json\/wp\/v2\/pages\/35"}],"wp:attachment":[{"href":"http:\/\/cresal.coop.br\/novosite\/wp-json\/wp\/v2\/media?parent=202"}],"curies":[{"name":"wp","href":"https:\/\/api.w.org\/{rel}","templated":true}]}}