{"id":238,"date":"2016-10-28T18:51:59","date_gmt":"2016-10-28T18:51:59","guid":{"rendered":"http:\/\/cresal.eagledigital.com.br\/?page_id=238"},"modified":"2016-11-03T17:21:53","modified_gmt":"2016-11-03T17:21:53","slug":"fates","status":"publish","type":"page","link":"http:\/\/cresal.coop.br\/novosite\/institucional\/fates\/","title":{"rendered":"Fates"},"content":{"rendered":"<p><span style=\"font-weight: 400;\">O FATES \u00a0destinar-se-\u00e1 \u00e0 presta\u00e7\u00e3o de assist\u00eancia aos associados, seus familiares e empregados da cooperativa, bem como a custear programas e projetos, que visem a sua capacita\u00e7\u00e3o, treinamento e aperfei\u00e7oamento profissional, fomentando e promovendo sempre que poss\u00edvel o Movimento Cooperativista.<\/span><\/p>\n","protected":false},"excerpt":{"rendered":"<p>O FATES \u00a0destinar-se-\u00e1 \u00e0 presta\u00e7\u00e3o de assist\u00eancia aos associados, seus familiares e empregados da cooperativa, bem como a custear programas e projetos, que visem a sua capacita\u00e7\u00e3o, treinamento e aperfei\u00e7oamento profissional, fomentando e promovendo sempre que poss\u00edvel o Movimento Cooperativista.<\/p>\n","protected":false},"author":1,"featured_media":0,"parent":35,"menu_order":0,"comment_status":"closed","ping_status":"closed","template":"templates\/page-fates.php","meta":[],"_links":{"self":[{"href":"http:\/\/cresal.coop.br\/novosite\/wp-json\/wp\/v2\/pages\/238"}],"collection":[{"href":"http:\/\/cresal.coop.br\/novosite\/wp-json\/wp\/v2\/pages"}],"about":[{"href":"http:\/\/cresal.coop.br\/novosite\/wp-json\/wp\/v2\/types\/page"}],"author":[{"embeddable":true,"href":"http:\/\/cresal.coop.br\/novosite\/wp-json\/wp\/v2\/users\/1"}],"replies":[{"embeddable":true,"href":"http:\/\/cresal.coop.br\/novosite\/wp-json\/wp\/v2\/comments?post=238"}],"version-history":[{"count":5,"href":"http:\/\/cresal.coop.br\/novosite\/wp-json\/wp\/v2\/pages\/238\/revisions"}],"predecessor-version":[{"id":258,"href":"http:\/\/cresal.coop.br\/novosite\/wp-json\/wp\/v2\/pages\/238\/revisions\/258"}],"up":[{"embeddable":true,"href":"http:\/\/cresal.coop.br\/novosite\/wp-json\/wp\/v2\/pages\/35"}],"wp:attachment":[{"href":"http:\/\/cresal.coop.br\/novosite\/wp-json\/wp\/v2\/media?parent=238"}],"curies":[{"name":"wp","href":"https:\/\/api.w.org\/{rel}","templated":true}]}}