{"id":277,"date":"2016-11-07T13:52:11","date_gmt":"2016-11-07T13:52:11","guid":{"rendered":"http:\/\/cresal.eagledigital.com.br\/?page_id=277"},"modified":"2016-12-20T01:06:19","modified_gmt":"2016-12-20T01:06:19","slug":"estatuto-social","status":"publish","type":"page","link":"http:\/\/cresal.coop.br\/novosite\/institucional\/estatuto-social\/","title":{"rendered":"Estatuto Social da Cresal"},"content":{"rendered":"<p style=\"text-align: left;\">O estatuto social \u00e9 o documento que regula toda a organiza\u00e7\u00e3o. Nas cooperativas de cr\u00e9dito o estatuto \u00e9 submetido \u00e0 aprova\u00e7\u00e3o do Banco Central do Brasil, e deve estar de acordo com a legisla\u00e7\u00e3o em vigor.<\/p>\n<p style=\"text-align: left;\">Saiba quais s\u00e3o as normas da Cresal e quais as obriga\u00e7\u00f5es e direitos dos cooperados conferindo o Estatuto Social da Cresal.<\/p>\n","protected":false},"excerpt":{"rendered":"<p>O estatuto social \u00e9 o documento que regula toda a organiza\u00e7\u00e3o. Nas cooperativas de cr\u00e9dito o estatuto \u00e9 submetido \u00e0 aprova\u00e7\u00e3o do Banco Central do Brasil, e deve estar de acordo com a legisla\u00e7\u00e3o em vigor. Saiba quais s\u00e3o as normas da Cresal e quais as obriga\u00e7\u00f5es e direitos dos cooperados conferindo o Estatuto Social &hellip; <a href=\"http:\/\/cresal.coop.br\/novosite\/institucional\/estatuto-social\/\" class=\"more-link\">Continue reading<span class=\"screen-reader-text\"> &#8220;Estatuto Social da Cresal&#8221;<\/span><\/a><\/p>\n","protected":false},"author":1,"featured_media":0,"parent":35,"menu_order":0,"comment_status":"closed","ping_status":"closed","template":"templates\/page-estatuto.php","meta":[],"_links":{"self":[{"href":"http:\/\/cresal.coop.br\/novosite\/wp-json\/wp\/v2\/pages\/277"}],"collection":[{"href":"http:\/\/cresal.coop.br\/novosite\/wp-json\/wp\/v2\/pages"}],"about":[{"href":"http:\/\/cresal.coop.br\/novosite\/wp-json\/wp\/v2\/types\/page"}],"author":[{"embeddable":true,"href":"http:\/\/cresal.coop.br\/novosite\/wp-json\/wp\/v2\/users\/1"}],"replies":[{"embeddable":true,"href":"http:\/\/cresal.coop.br\/novosite\/wp-json\/wp\/v2\/comments?post=277"}],"version-history":[{"count":10,"href":"http:\/\/cresal.coop.br\/novosite\/wp-json\/wp\/v2\/pages\/277\/revisions"}],"predecessor-version":[{"id":629,"href":"http:\/\/cresal.coop.br\/novosite\/wp-json\/wp\/v2\/pages\/277\/revisions\/629"}],"up":[{"embeddable":true,"href":"http:\/\/cresal.coop.br\/novosite\/wp-json\/wp\/v2\/pages\/35"}],"wp:attachment":[{"href":"http:\/\/cresal.coop.br\/novosite\/wp-json\/wp\/v2\/media?parent=277"}],"curies":[{"name":"wp","href":"https:\/\/api.w.org\/{rel}","templated":true}]}}