{"id":31,"date":"2016-10-05T19:41:21","date_gmt":"2016-10-05T19:41:21","guid":{"rendered":"http:\/\/cresal.eagledigital.com.br\/?page_id=31"},"modified":"2016-12-06T18:45:19","modified_gmt":"2016-12-06T18:45:19","slug":"emprestimos","status":"publish","type":"page","link":"http:\/\/cresal.coop.br\/novosite\/servicos\/emprestimos\/","title":{"rendered":"Empr\u00e9stimos"},"content":{"rendered":"<p class=\"white-text left-align\">Todos temos sonhos e a CRESAL possui a solu\u00e7\u00e3o financeira que voc\u00ea busca para realizar os seus!<\/p>\n<p class=\"white-text left-align\">Conhe\u00e7a as modalidades de cr\u00e9dito da Cresal, solu\u00e7\u00f5es com taxas competitivas e com distribui\u00e7\u00e3o de resultados no final do exerc\u00edcio. Escolha a modalidade que melhor atende as suas necessidades.<\/p>\n","protected":false},"excerpt":{"rendered":"<p>Todos temos sonhos e a CRESAL possui a solu\u00e7\u00e3o financeira que voc\u00ea busca para realizar os seus! Conhe\u00e7a as modalidades de cr\u00e9dito da Cresal, solu\u00e7\u00f5es com taxas competitivas e com distribui\u00e7\u00e3o de resultados no final do exerc\u00edcio. Escolha a modalidade que melhor atende as suas necessidades.<\/p>\n","protected":false},"author":1,"featured_media":0,"parent":37,"menu_order":0,"comment_status":"closed","ping_status":"closed","template":"templates\/page-emprestimos.php","meta":[],"_links":{"self":[{"href":"http:\/\/cresal.coop.br\/novosite\/wp-json\/wp\/v2\/pages\/31"}],"collection":[{"href":"http:\/\/cresal.coop.br\/novosite\/wp-json\/wp\/v2\/pages"}],"about":[{"href":"http:\/\/cresal.coop.br\/novosite\/wp-json\/wp\/v2\/types\/page"}],"author":[{"embeddable":true,"href":"http:\/\/cresal.coop.br\/novosite\/wp-json\/wp\/v2\/users\/1"}],"replies":[{"embeddable":true,"href":"http:\/\/cresal.coop.br\/novosite\/wp-json\/wp\/v2\/comments?post=31"}],"version-history":[{"count":13,"href":"http:\/\/cresal.coop.br\/novosite\/wp-json\/wp\/v2\/pages\/31\/revisions"}],"predecessor-version":[{"id":553,"href":"http:\/\/cresal.coop.br\/novosite\/wp-json\/wp\/v2\/pages\/31\/revisions\/553"}],"up":[{"embeddable":true,"href":"http:\/\/cresal.coop.br\/novosite\/wp-json\/wp\/v2\/pages\/37"}],"wp:attachment":[{"href":"http:\/\/cresal.coop.br\/novosite\/wp-json\/wp\/v2\/media?parent=31"}],"curies":[{"name":"wp","href":"https:\/\/api.w.org\/{rel}","templated":true}]}}