{"id":361,"date":"2016-11-16T18:31:49","date_gmt":"2016-11-16T18:31:49","guid":{"rendered":"http:\/\/cresal.eagledigital.com.br\/?page_id=361"},"modified":"2016-12-19T19:19:15","modified_gmt":"2016-12-19T19:19:15","slug":"voluntariando","status":"publish","type":"page","link":"http:\/\/cresal.coop.br\/novosite\/nossas-acoes-sociais\/voluntariando\/","title":{"rendered":"Voluntariando"},"content":{"rendered":"<p style=\"text-align: left;\">Sabia que os Conselheiros e os Representantes da Cresal exercem suas fun\u00e7\u00f5es de forma volunt\u00e1ria? E que esta \u00e9 uma pr\u00e1tica comum entre as cooperativas?<\/p>\n<p style=\"text-align: left;\">\u00c9 isso mesmo! O nosso Conselho tem se dedicado bastante para atender as necessidades da Cresal.<\/p>\n<p style=\"text-align: left;\">\u00c9 a coopera\u00e7\u00e3o oriunda do esp\u00edrito cooperativo que est\u00e1 em cada cooperado.<\/p>\n","protected":false},"excerpt":{"rendered":"<p>Sabia que os Conselheiros e os Representantes da Cresal exercem suas fun\u00e7\u00f5es de forma volunt\u00e1ria? E que esta \u00e9 uma pr\u00e1tica comum entre as cooperativas? \u00c9 isso mesmo! O nosso Conselho tem se dedicado bastante para atender as necessidades da Cresal. \u00c9 a coopera\u00e7\u00e3o oriunda do esp\u00edrito cooperativo que est\u00e1 em cada cooperado.<\/p>\n","protected":false},"author":1,"featured_media":0,"parent":93,"menu_order":0,"comment_status":"closed","ping_status":"closed","template":"templates\/page-voluntariando.php","meta":[],"_links":{"self":[{"href":"http:\/\/cresal.coop.br\/novosite\/wp-json\/wp\/v2\/pages\/361"}],"collection":[{"href":"http:\/\/cresal.coop.br\/novosite\/wp-json\/wp\/v2\/pages"}],"about":[{"href":"http:\/\/cresal.coop.br\/novosite\/wp-json\/wp\/v2\/types\/page"}],"author":[{"embeddable":true,"href":"http:\/\/cresal.coop.br\/novosite\/wp-json\/wp\/v2\/users\/1"}],"replies":[{"embeddable":true,"href":"http:\/\/cresal.coop.br\/novosite\/wp-json\/wp\/v2\/comments?post=361"}],"version-history":[{"count":6,"href":"http:\/\/cresal.coop.br\/novosite\/wp-json\/wp\/v2\/pages\/361\/revisions"}],"predecessor-version":[{"id":605,"href":"http:\/\/cresal.coop.br\/novosite\/wp-json\/wp\/v2\/pages\/361\/revisions\/605"}],"up":[{"embeddable":true,"href":"http:\/\/cresal.coop.br\/novosite\/wp-json\/wp\/v2\/pages\/93"}],"wp:attachment":[{"href":"http:\/\/cresal.coop.br\/novosite\/wp-json\/wp\/v2\/media?parent=361"}],"curies":[{"name":"wp","href":"https:\/\/api.w.org\/{rel}","templated":true}]}}