{"id":363,"date":"2016-11-16T18:32:15","date_gmt":"2016-11-16T18:32:15","guid":{"rendered":"http:\/\/cresal.eagledigital.com.br\/?page_id=363"},"modified":"2016-12-19T21:30:02","modified_gmt":"2016-12-19T21:30:02","slug":"bolsa-de-estudo","status":"publish","type":"page","link":"http:\/\/cresal.coop.br\/novosite\/nossas-acoes-sociais\/bolsa-de-estudo\/","title":{"rendered":"Bolsa de Estudo"},"content":{"rendered":"<p style=\"text-align: left;\"><span style=\"color: #333333;\">A melhor oportunidade de estudar \u00e9 utilizando as bolsas de estudo que a Cresal oferece. Todos os s\u00f3cios da Cresal t\u00eam o direito de usufruir de bolsa de estudos oferecidas pela Ocergs-Sescoop para cursos de cooperativismo.<\/span><\/p>\n<p><span style=\"color: #333333;\">Al\u00e9m desses, o cooperado e seus familiares podem obter descontos de 10% nas mensalidades dos cursos presenciais ou \u00e0 dist\u00e2ncia, que s\u00e3o oferecidos pela UNINTER \u2013 Centro Universit\u00e1rio Internacional.<\/span><\/p>\n","protected":false},"excerpt":{"rendered":"<p>A melhor oportunidade de estudar \u00e9 utilizando as bolsas de estudo que a Cresal oferece. Todos os s\u00f3cios da Cresal t\u00eam o direito de usufruir de bolsa de estudos oferecidas pela Ocergs-Sescoop para cursos de cooperativismo. Al\u00e9m desses, o cooperado e seus familiares podem obter descontos de 10% nas mensalidades dos cursos presenciais ou \u00e0 &hellip; <a href=\"http:\/\/cresal.coop.br\/novosite\/nossas-acoes-sociais\/bolsa-de-estudo\/\" class=\"more-link\">Continue reading<span class=\"screen-reader-text\"> &#8220;Bolsa de Estudo&#8221;<\/span><\/a><\/p>\n","protected":false},"author":1,"featured_media":0,"parent":93,"menu_order":0,"comment_status":"closed","ping_status":"closed","template":"templates\/page-bolsa-de-estudos.php","meta":[],"_links":{"self":[{"href":"http:\/\/cresal.coop.br\/novosite\/wp-json\/wp\/v2\/pages\/363"}],"collection":[{"href":"http:\/\/cresal.coop.br\/novosite\/wp-json\/wp\/v2\/pages"}],"about":[{"href":"http:\/\/cresal.coop.br\/novosite\/wp-json\/wp\/v2\/types\/page"}],"author":[{"embeddable":true,"href":"http:\/\/cresal.coop.br\/novosite\/wp-json\/wp\/v2\/users\/1"}],"replies":[{"embeddable":true,"href":"http:\/\/cresal.coop.br\/novosite\/wp-json\/wp\/v2\/comments?post=363"}],"version-history":[{"count":6,"href":"http:\/\/cresal.coop.br\/novosite\/wp-json\/wp\/v2\/pages\/363\/revisions"}],"predecessor-version":[{"id":611,"href":"http:\/\/cresal.coop.br\/novosite\/wp-json\/wp\/v2\/pages\/363\/revisions\/611"}],"up":[{"embeddable":true,"href":"http:\/\/cresal.coop.br\/novosite\/wp-json\/wp\/v2\/pages\/93"}],"wp:attachment":[{"href":"http:\/\/cresal.coop.br\/novosite\/wp-json\/wp\/v2\/media?parent=363"}],"curies":[{"name":"wp","href":"https:\/\/api.w.org\/{rel}","templated":true}]}}