{"id":437,"date":"2016-11-22T13:40:17","date_gmt":"2016-11-22T13:40:17","guid":{"rendered":"http:\/\/cresal.eagledigital.com.br\/?page_id=437"},"modified":"2023-07-31T14:19:49","modified_gmt":"2023-07-31T14:19:49","slug":"historia-diretorias-da-cresal","status":"publish","type":"page","link":"http:\/\/cresal.coop.br\/novosite\/historia-diretorias-da-cresal\/","title":{"rendered":"Diretorias da Cresal"},"content":{"rendered":"<p>2023\u00a0\u2013 2026<\/p>\n<ul>\n<li>Presidente: Cristiano Ramos Moreira<\/li>\n<li>Diretora Administrativa: Patr\u00edcia Foga\u00e7a Fernandes<\/li>\n<li>Diretor Financeiro:\u00a0Eduardo Juliano Fernandes<\/li>\n<\/ul>\n<p>2021\u00a0\u2013 2023<\/p>\n<ul>\n<li>Presidente: Cristiano Ramos Moreira<\/li>\n<li>Diretora Administrativa:\u00a0Maria Ines Borges da Fonseca<\/li>\n<li>Diretor Financeiro:\u00a0Eduardo Juliano Fernandes<\/li>\n<\/ul>\n<p>2017 \u2013 2020<\/p>\n<ul>\n<li>Presidente: Cristiano Ramos Moreira<\/li>\n<li>Diretora Administrativa:\u00a0Eunice Teresinha da Rocha de Oliveira<\/li>\n<li>Diretor Financeiro:\u00a0Eduardo Juliano Fernandes<\/li>\n<\/ul>\n<p>2014 \u2013 2017<\/p>\n<ul>\n<li>Presidente: Bernardete Pilatti<\/li>\n<li>Diretor Administrativo: Cristiano Ramos Moreira<\/li>\n<li>Diretora Financeira: Maria Caron Basei<\/li>\n<\/ul>\n<p>2011 \u2013 2014<\/p>\n<ul>\n<li>Presidente: Breno Kirchof<\/li>\n<li>Diretora Administrativa: Bernardete Pilatti<\/li>\n<li>Diretora Financeira: Maria Caron Basei<\/li>\n<\/ul>\n<p>2008 \u2013 2011<\/p>\n<ul>\n<li>Presidente: Jo\u00e3o Batista da Cunha Feij\u00f3 Gomes \/ 2008 &#8211; Breno\u00a0Kirchof<\/li>\n<li>Diretora Administrativa: Roma Nunes dos Santos \/ 2010 \u2013\u00a0Bernardete Pilatti<\/li>\n<li>Diretora Financeira: Maria Caron Basei<\/li>\n<\/ul>\n<p>2005 \u2013 2008<\/p>\n<ul>\n<li>Presidente: Jo\u00e3o Batista da Cunha Feij\u00f3 Gomes<\/li>\n<li>Diretora Administrativa: Roma Nunes do Santos<\/li>\n<li>Diretora Financeira: Maria Caron Basei<\/li>\n<\/ul>\n<p>2002 \u2013 2005<\/p>\n<ul>\n<li>Presidente: Silvino Wickert<\/li>\n<li>Secret\u00e1ria: Anete Catarina Azevedo<\/li>\n<li>Tesoureiro: Valdemar Engroff<\/li>\n<\/ul>\n<p>1999 \u2013 2002<\/p>\n<ul>\n<li>Presidente: Silvino Wickert<\/li>\n<li>Secret\u00e1ria: Adriana Santini \u00a0\/\u00a0 2000 &#8211; Leda Tieppo<\/li>\n<li>Tesoureira: Eunice R. Oliveira<\/li>\n<\/ul>\n<p>1996 \u2013 1999<\/p>\n<ul>\n<li>Presidente: Maria de Lourdes Sbroglio<\/li>\n<li>Secret\u00e1rio: Miguel \u00c2ngelo Aires \u00a0\/ 1998 \u00a0&#8211; Clair R. Guindani<\/li>\n<li>Tesoureira: Eunice T. da Rocha Oliveira<\/li>\n<\/ul>\n<p>1996 \u2013 1996<\/p>\n<ul>\n<li>Presidente: Cl\u00e1udia R. B. da Silveira<\/li>\n<li>Secret\u00e1ria: Maria de Lourdes Sbroglio<\/li>\n<li>Tesoureira: Eunice T. da Rocha Oliveira<\/li>\n<\/ul>\n<p><span style=\"font-weight: 400;\">1993 \u2013 1996<br \/>\n<\/span><\/p>\n<ul>\n<li>Presidente: Cl\u00e1udia R. B. da Silveira<\/li>\n<li>Secret\u00e1ria: Maria de Lourdes Sbroglio<\/li>\n<li>Tesoureira: Ilse Lovi<\/li>\n<\/ul>\n<p><span style=\"font-weight: 400;\">1990 \u2013 1993<\/span><\/p>\n<ul>\n<li>Presidente: Sergio Batsow<\/li>\n<li>Secret\u00e1ria: Marina C. da Silva Brito<\/li>\n<li>Tesoureira: Cl\u00e1udia R. B. da Silveira<\/li>\n<\/ul>\n<p><span style=\"font-weight: 400;\">1988 \u2013 1990 <\/span><span style=\"font-weight: 400;\"><br \/>\n<\/span><\/p>\n<ul>\n<li>Presidente: Jo\u00e3o Darc\u00edsio Nonnemacker<\/li>\n<li>Secret\u00e1ria: Maril\u00e9ia Fabi\u00e3o Borralho<\/li>\n<li>Tesoureiro: Silvino Wickert<\/li>\n<\/ul>\n<p><span style=\"font-weight: 400;\">1987 \u2013 1988\u00a0<\/span><span style=\"font-weight: 400;\"><br \/>\n<\/span><\/p>\n<ul>\n<li>Presidente: Maril\u00e9ia Fabi\u00e3o Barralho<\/li>\n<li>Secret\u00e1ria: Carmem L\u00facia Ferreira<\/li>\n<li>Tesoureiro: Silvino Wickert<\/li>\n<\/ul>\n<p><span style=\"font-weight: 400;\">1986 \u2013 1987<\/span><span style=\"font-weight: 400;\"><br \/>\n<\/span><\/p>\n<ul>\n<li>Presidente: Lu\u00eds A. Pita Pinheiro<\/li>\n<li>Secret\u00e1ria: Maril\u00e9ia Fabi\u00e3o Borralho<\/li>\n<li>Tesoureiro: Silvino Wickert<\/li>\n<\/ul>\n<p>1983 \u2013 1986*<span style=\"font-weight: 400;\">\u00a0 \u00a0<\/span><\/p>\n<ul>\n<li>Presidente: Selvino Seifert<\/li>\n<li>Secret\u00e1ria: Maril\u00e9ia Fabi\u00e3o Borralho<\/li>\n<li>Tesoureiro: Silvino Wickert<\/li>\n<\/ul>\n<p>*1\u00b0 Conselho\u00a0da Cresal<\/p>\n","protected":false},"excerpt":{"rendered":"<p>2023\u00a0\u2013 2026 Presidente: Cristiano Ramos Moreira Diretora Administrativa: Patr\u00edcia Foga\u00e7a Fernandes Diretor Financeiro:\u00a0Eduardo Juliano Fernandes 2021\u00a0\u2013 2023 Presidente: Cristiano Ramos Moreira Diretora Administrativa:\u00a0Maria Ines Borges da Fonseca Diretor Financeiro:\u00a0Eduardo Juliano Fernandes 2017 \u2013 2020 Presidente: Cristiano Ramos Moreira Diretora Administrativa:\u00a0Eunice Teresinha da Rocha de Oliveira Diretor Financeiro:\u00a0Eduardo Juliano Fernandes 2014 \u2013 2017 Presidente: Bernardete Pilatti &hellip; <a href=\"http:\/\/cresal.coop.br\/novosite\/historia-diretorias-da-cresal\/\" class=\"more-link\">Continue reading<span class=\"screen-reader-text\"> &#8220;Diretorias da Cresal&#8221;<\/span><\/a><\/p>\n","protected":false},"author":1,"featured_media":0,"parent":0,"menu_order":0,"comment_status":"closed","ping_status":"closed","template":"templates\/page-diretorias-da-cresal.php","meta":[],"_links":{"self":[{"href":"http:\/\/cresal.coop.br\/novosite\/wp-json\/wp\/v2\/pages\/437"}],"collection":[{"href":"http:\/\/cresal.coop.br\/novosite\/wp-json\/wp\/v2\/pages"}],"about":[{"href":"http:\/\/cresal.coop.br\/novosite\/wp-json\/wp\/v2\/types\/page"}],"author":[{"embeddable":true,"href":"http:\/\/cresal.coop.br\/novosite\/wp-json\/wp\/v2\/users\/1"}],"replies":[{"embeddable":true,"href":"http:\/\/cresal.coop.br\/novosite\/wp-json\/wp\/v2\/comments?post=437"}],"version-history":[{"count":7,"href":"http:\/\/cresal.coop.br\/novosite\/wp-json\/wp\/v2\/pages\/437\/revisions"}],"predecessor-version":[{"id":1031,"href":"http:\/\/cresal.coop.br\/novosite\/wp-json\/wp\/v2\/pages\/437\/revisions\/1031"}],"wp:attachment":[{"href":"http:\/\/cresal.coop.br\/novosite\/wp-json\/wp\/v2\/media?parent=437"}],"curies":[{"name":"wp","href":"https:\/\/api.w.org\/{rel}","templated":true}]}}