{"id":439,"date":"2016-11-22T13:47:28","date_gmt":"2016-11-22T13:47:28","guid":{"rendered":"http:\/\/cresal.eagledigital.com.br\/?page_id=439"},"modified":"2016-12-19T21:55:53","modified_gmt":"2016-12-19T21:55:53","slug":"governanca-corporativa","status":"publish","type":"page","link":"http:\/\/cresal.coop.br\/novosite\/institucional\/governanca-corporativa\/","title":{"rendered":"Governan\u00e7a Corporativa"},"content":{"rendered":"<p style=\"text-align: left;\">A Cresal instituiu as boas pr\u00e1ticas de governan\u00e7a, conforme legisla\u00e7\u00e3o, contemplando a segrega\u00e7\u00e3o de fun\u00e7\u00f5es dos \u00f3rg\u00e3os estatut\u00e1rios, contribuindo para a qualidade da gest\u00e3o. \u201cAs Cooperativas s\u00e3o parte relevante da economia brasileira e a ado\u00e7\u00e3o de pr\u00e1ticas de governan\u00e7a pode contribuir para aprimorar sua administra\u00e7\u00e3o e os relacionamentos entre todos os agentes desse sistema (cooperados, administradores, funcion\u00e1rios e a sociedade), reduzindo poss\u00edveis conflitos e riscos inerentes a esse tipo de organiza\u00e7\u00e3o\u201d.<\/p>\n<p style=\"text-align: left;\">Mas o que \u00e9 Governan\u00e7a Corporativa?<\/p>\n<p style=\"text-align: left;\">Segundo o IBGC \u00e9 o sistema pelo qual as empresas e demais organiza\u00e7\u00f5es s\u00e3o dirigidas, monitoradas e incentivadas, envolvendo os relacionamentos entre s\u00f3cios, conselho de administra\u00e7\u00e3o, diretoria, \u00f3rg\u00e3os de fiscaliza\u00e7\u00e3o e controle e demais partes interessadas.<\/p>\n<p style=\"text-align: left;\">\u00c9 um conjunto de pr\u00e1ticas que tem por finalidade otimizar o desempenho de uma companhia ao proteger todas as partes interessadas, tais como investidores, empregados e credores, facilitando o acesso ao capital, alinhando os sistemas de controle, monitoramento e incentivos para que as decis\u00f5es dos gestores sejam realizadas no melhor interesse dos propriet\u00e1rios.<\/p>\n<p style=\"text-align: left;\">As boas pr\u00e1ticas de governan\u00e7a corporativa convertem princ\u00edpios b\u00e1sicos em recomenda\u00e7\u00f5es objetivas, alinhando interesses com a finalidade de preservar e otimizar o valor econ\u00f4mico de longo prazo da organiza\u00e7\u00e3o, facilitando seu acesso a recursos e contribuindo para a qualidade da gest\u00e3o da organiza\u00e7\u00e3o, sua longevidade e o bem comum.<\/p>\n<p style=\"text-align: left;\">Governan\u00e7a em Cooperativas de Cr\u00e9dito<\/p>\n<p style=\"text-align: left;\">Entre os benef\u00edcios que adv\u00eam da melhoria das pr\u00e1ticas de governan\u00e7a, destacam-se: mais seguran\u00e7a das cooperativas singulares e do sistema, aumento da participa\u00e7\u00e3o e do controle interno, desenvolvimento da vis\u00e3o cooperativista, redu\u00e7\u00e3o de custos operacionais, fortalecimento dos conselhos e mais est\u00edmulo ao desenvolvimento profissional.<\/p>\n<p style=\"text-align: left;\">IBGC- Instituto Brasileiro de Governan\u00e7a Corporativa<\/p>\n","protected":false},"excerpt":{"rendered":"<p>A Cresal instituiu as boas pr\u00e1ticas de governan\u00e7a, conforme legisla\u00e7\u00e3o, contemplando a segrega\u00e7\u00e3o de fun\u00e7\u00f5es dos \u00f3rg\u00e3os estatut\u00e1rios, contribuindo para a qualidade da gest\u00e3o. \u201cAs Cooperativas s\u00e3o parte relevante da economia brasileira e a ado\u00e7\u00e3o de pr\u00e1ticas de governan\u00e7a pode contribuir para aprimorar sua administra\u00e7\u00e3o e os relacionamentos entre todos os agentes desse sistema (cooperados, &hellip; <a href=\"http:\/\/cresal.coop.br\/novosite\/institucional\/governanca-corporativa\/\" class=\"more-link\">Continue reading<span class=\"screen-reader-text\"> &#8220;Governan\u00e7a Corporativa&#8221;<\/span><\/a><\/p>\n","protected":false},"author":1,"featured_media":573,"parent":35,"menu_order":0,"comment_status":"closed","ping_status":"closed","template":"templates\/page-governanca-corporativa.php","meta":[],"_links":{"self":[{"href":"http:\/\/cresal.coop.br\/novosite\/wp-json\/wp\/v2\/pages\/439"}],"collection":[{"href":"http:\/\/cresal.coop.br\/novosite\/wp-json\/wp\/v2\/pages"}],"about":[{"href":"http:\/\/cresal.coop.br\/novosite\/wp-json\/wp\/v2\/types\/page"}],"author":[{"embeddable":true,"href":"http:\/\/cresal.coop.br\/novosite\/wp-json\/wp\/v2\/users\/1"}],"replies":[{"embeddable":true,"href":"http:\/\/cresal.coop.br\/novosite\/wp-json\/wp\/v2\/comments?post=439"}],"version-history":[{"count":10,"href":"http:\/\/cresal.coop.br\/novosite\/wp-json\/wp\/v2\/pages\/439\/revisions"}],"predecessor-version":[{"id":621,"href":"http:\/\/cresal.coop.br\/novosite\/wp-json\/wp\/v2\/pages\/439\/revisions\/621"}],"up":[{"embeddable":true,"href":"http:\/\/cresal.coop.br\/novosite\/wp-json\/wp\/v2\/pages\/35"}],"wp:featuredmedia":[{"embeddable":true,"href":"http:\/\/cresal.coop.br\/novosite\/wp-json\/wp\/v2\/media\/573"}],"wp:attachment":[{"href":"http:\/\/cresal.coop.br\/novosite\/wp-json\/wp\/v2\/media?parent=439"}],"curies":[{"name":"wp","href":"https:\/\/api.w.org\/{rel}","templated":true}]}}