{"id":93,"date":"2016-10-13T17:23:12","date_gmt":"2016-10-13T17:23:12","guid":{"rendered":"http:\/\/cresal.eagledigital.com.br\/?page_id=93"},"modified":"2016-12-19T19:04:18","modified_gmt":"2016-12-19T19:04:18","slug":"nossas-acoes-sociais","status":"publish","type":"page","link":"http:\/\/cresal.coop.br\/novosite\/nossas-acoes-sociais\/","title":{"rendered":"A\u00e7\u00f5es Sociais"},"content":{"rendered":"<p>A Cresal tamb\u00e9m \u00e9 social. Veja algumas de nossas a\u00e7\u00f5es.<\/p>\n","protected":false},"excerpt":{"rendered":"<p>A Cresal tamb\u00e9m \u00e9 social. Veja algumas de nossas a\u00e7\u00f5es.<\/p>\n","protected":false},"author":1,"featured_media":0,"parent":0,"menu_order":0,"comment_status":"closed","ping_status":"closed","template":"templates\/page-acoes-sociais.php","meta":[],"_links":{"self":[{"href":"http:\/\/cresal.coop.br\/novosite\/wp-json\/wp\/v2\/pages\/93"}],"collection":[{"href":"http:\/\/cresal.coop.br\/novosite\/wp-json\/wp\/v2\/pages"}],"about":[{"href":"http:\/\/cresal.coop.br\/novosite\/wp-json\/wp\/v2\/types\/page"}],"author":[{"embeddable":true,"href":"http:\/\/cresal.coop.br\/novosite\/wp-json\/wp\/v2\/users\/1"}],"replies":[{"embeddable":true,"href":"http:\/\/cresal.coop.br\/novosite\/wp-json\/wp\/v2\/comments?post=93"}],"version-history":[{"count":8,"href":"http:\/\/cresal.coop.br\/novosite\/wp-json\/wp\/v2\/pages\/93\/revisions"}],"predecessor-version":[{"id":603,"href":"http:\/\/cresal.coop.br\/novosite\/wp-json\/wp\/v2\/pages\/93\/revisions\/603"}],"wp:attachment":[{"href":"http:\/\/cresal.coop.br\/novosite\/wp-json\/wp\/v2\/media?parent=93"}],"curies":[{"name":"wp","href":"https:\/\/api.w.org\/{rel}","templated":true}]}}