{"id":97,"date":"2016-10-13T17:24:46","date_gmt":"2016-10-13T17:24:46","guid":{"rendered":"http:\/\/cresal.eagledigital.com.br\/?page_id=97"},"modified":"2016-12-09T12:24:47","modified_gmt":"2016-12-09T12:24:47","slug":"parceiros","status":"publish","type":"page","link":"http:\/\/cresal.coop.br\/novosite\/historia-diretorias-da-cresal\/parceiros\/","title":{"rendered":"Parceiros e Links"},"content":{"rendered":"<p>Cooperar \u00e9 tamb\u00e9m trabalhar em parceria. Por isso a Cresal \u00e9 parceira da Fapers, ASAE, Asapas, AGC e AERS e tem na Emater\/RS-Ascar sua maior parceria.<\/p>\n","protected":false},"excerpt":{"rendered":"<p>Cooperar \u00e9 tamb\u00e9m trabalhar em parceria. Por isso a Cresal \u00e9 parceira da Fapers, ASAE, Asapas, AGC e AERS e tem na Emater\/RS-Ascar sua maior parceria.<\/p>\n","protected":false},"author":1,"featured_media":0,"parent":437,"menu_order":0,"comment_status":"closed","ping_status":"closed","template":"templates\/page-parceiros.php","meta":[],"_links":{"self":[{"href":"http:\/\/cresal.coop.br\/novosite\/wp-json\/wp\/v2\/pages\/97"}],"collection":[{"href":"http:\/\/cresal.coop.br\/novosite\/wp-json\/wp\/v2\/pages"}],"about":[{"href":"http:\/\/cresal.coop.br\/novosite\/wp-json\/wp\/v2\/types\/page"}],"author":[{"embeddable":true,"href":"http:\/\/cresal.coop.br\/novosite\/wp-json\/wp\/v2\/users\/1"}],"replies":[{"embeddable":true,"href":"http:\/\/cresal.coop.br\/novosite\/wp-json\/wp\/v2\/comments?post=97"}],"version-history":[{"count":5,"href":"http:\/\/cresal.coop.br\/novosite\/wp-json\/wp\/v2\/pages\/97\/revisions"}],"predecessor-version":[{"id":593,"href":"http:\/\/cresal.coop.br\/novosite\/wp-json\/wp\/v2\/pages\/97\/revisions\/593"}],"up":[{"embeddable":true,"href":"http:\/\/cresal.coop.br\/novosite\/wp-json\/wp\/v2\/pages\/437"}],"wp:attachment":[{"href":"http:\/\/cresal.coop.br\/novosite\/wp-json\/wp\/v2\/media?parent=97"}],"curies":[{"name":"wp","href":"https:\/\/api.w.org\/{rel}","templated":true}]}}